{"id":25,"date":"2025-05-12T20:02:50","date_gmt":"2025-05-12T18:02:50","guid":{"rendered":"https:\/\/kaez.fr\/?page_id=25"},"modified":"2025-06-14T15:02:47","modified_gmt":"2025-06-14T13:02:47","slug":"accueil","status":"publish","type":"page","link":"https:\/\/kaez.fr\/","title":{"rendered":"Accueil"},"content":{"rendered":"<section class=\"kaez-art-section\">\n<h2 class=\"kaez-title\">Poss\u00e9dez un fragment des Muses d\u2019\u00c9ther<\/h2>\n<div class=\"kaez-content\">\n<p>Offrez-vous une \u0153uvre originale de la collection <strong>les Muses d\u2019\u00c9ther<\/strong>, sign\u00e9e <strong>K\u00c6Z<\/strong> \u2014 en <strong>digigraphie certifi\u00e9e<\/strong>. Chaque tirage est une v\u00e9ritable <em>incarnation mat\u00e9rielle<\/em> d\u2019un univers num\u00e9rique unique.<\/p>\n<p><img loading=\"lazy\" decoding=\"async\" class=\"aligncenter wp-image-135\" src=\"https:\/\/kaez.fr\/wp-content\/uploads\/2025\/06\/4-site-web-223x300.jpg\" alt=\"\" width=\"300\" height=\"404\" srcset=\"https:\/\/kaez.fr\/wp-content\/uploads\/2025\/06\/4-site-web-223x300.jpg 223w, https:\/\/kaez.fr\/wp-content\/uploads\/2025\/06\/4-site-web-761x1024.jpg 761w, https:\/\/kaez.fr\/wp-content\/uploads\/2025\/06\/4-site-web-768x1033.jpg 768w, https:\/\/kaez.fr\/wp-content\/uploads\/2025\/06\/4-site-web-624x840.jpg 624w, https:\/\/kaez.fr\/wp-content\/uploads\/2025\/06\/4-site-web.jpg 880w\" sizes=\"auto, (max-width: 300px) 100vw, 300px\" \/><\/p>\n<h3>Qu\u2019est-ce qu\u2019une digigraphie ?<\/h3>\n<p>La digigraphie est un <strong>proc\u00e9d\u00e9 d&rsquo;impression d\u2019art haut de gamme<\/strong>, reconnu pour sa fid\u00e9lit\u00e9, sa durabilit\u00e9 et son exclusivit\u00e9. Imprim\u00e9es avec des <strong>encres pigmentaires longue conservation<\/strong> sur papier d\u2019art de qualit\u00e9 mus\u00e9e, nos \u0153uvres sont produites uniquement par des <strong>laboratoires agr\u00e9\u00e9s et asserment\u00e9s<\/strong>.<\/p>\n<h3>S\u00e9rie limit\u00e9e, contr\u00f4le strict<\/h3>\n<p>Chaque \u0153uvre est <strong>num\u00e9rot\u00e9e, sign\u00e9e, certifi\u00e9e<\/strong> et accompagn\u00e9e de son certificat d\u2019authenticit\u00e9. Les s\u00e9ries sont <strong>strictement limit\u00e9es<\/strong> : une fois la limite atteinte, <strong>aucune nouvelle impression ne pourra \u00eatre r\u00e9alis\u00e9e<\/strong>. Vous poss\u00e9dez ainsi une <strong>\u0153uvre rare, pr\u00e9cieuse, et garantie dans le temps<\/strong>.<\/p>\n<div class=\"kaez-cta\"><a class=\"kaez-button\" href=\"https:\/\/kaez.fr\/?page_id=96\">Voir les \u00e9ditions disponibles<\/a><\/div>\n<\/div>\n<\/section>\n<p style=\"text-align: center;\">\n","protected":false},"excerpt":{"rendered":"<p>Poss\u00e9dez un fragment des Muses d\u2019\u00c9ther Offrez-vous une \u0153uvre originale de la collection les Muses d\u2019\u00c9ther, sign\u00e9e K\u00c6Z \u2014 en digigraphie certifi\u00e9e. Chaque tirage est une v\u00e9ritable incarnation mat\u00e9rielle d\u2019un&#8230; <a href=\"https:\/\/kaez.fr\/\">Read more &raquo;<\/a><\/p>\n","protected":false},"author":1,"featured_media":0,"parent":0,"menu_order":0,"comment_status":"closed","ping_status":"closed","template":"","meta":{"footnotes":""},"class_list":["post-25","page","type-page","status-publish","hentry"],"yoast_head":"<!-- This site is optimized with the Yoast SEO plugin v27.5 - https:\/\/yoast.com\/product\/yoast-seo-wordpress\/ -->\n<title>Accueil - kaez.fr<\/title>\n<meta name=\"robots\" content=\"index, follow, max-snippet:-1, max-image-preview:large, max-video-preview:-1\" \/>\n<link rel=\"canonical\" href=\"https:\/\/kaez.fr\/\" \/>\n<meta property=\"og:locale\" content=\"fr_FR\" \/>\n<meta property=\"og:type\" content=\"article\" \/>\n<meta property=\"og:title\" content=\"Accueil - kaez.fr\" \/>\n<meta property=\"og:description\" content=\"Poss\u00e9dez un fragment des Muses d\u2019\u00c9ther Offrez-vous une \u0153uvre originale de la collection les Muses d\u2019\u00c9ther, sign\u00e9e K\u00c6Z \u2014 en digigraphie certifi\u00e9e. Chaque tirage est une v\u00e9ritable incarnation mat\u00e9rielle d\u2019un... Read more &raquo;\" \/>\n<meta property=\"og:url\" content=\"https:\/\/kaez.fr\/\" \/>\n<meta property=\"og:site_name\" content=\"kaez.fr\" \/>\n<meta property=\"article:modified_time\" content=\"2025-06-14T13:02:47+00:00\" \/>\n<meta property=\"og:image\" content=\"https:\/\/kaez.fr\/wp-content\/uploads\/2025\/06\/4-site-web.jpg\" \/>\n\t<meta property=\"og:image:width\" content=\"880\" \/>\n\t<meta property=\"og:image:height\" content=\"1184\" \/>\n\t<meta property=\"og:image:type\" content=\"image\/jpeg\" \/>\n<meta name=\"twitter:card\" content=\"summary_large_image\" \/>\n<meta name=\"twitter:label1\" content=\"Dur\u00e9e de lecture estim\u00e9e\" \/>\n\t<meta name=\"twitter:data1\" content=\"1 minute\" \/>\n<script type=\"application\/ld+json\" class=\"yoast-schema-graph\">{\"@context\":\"https:\\\/\\\/schema.org\",\"@graph\":[{\"@type\":\"WebPage\",\"@id\":\"https:\\\/\\\/kaez.fr\\\/\",\"url\":\"https:\\\/\\\/kaez.fr\\\/\",\"name\":\"Accueil - kaez.fr\",\"isPartOf\":{\"@id\":\"https:\\\/\\\/kaez.fr\\\/#website\"},\"primaryImageOfPage\":{\"@id\":\"https:\\\/\\\/kaez.fr\\\/#primaryimage\"},\"image\":{\"@id\":\"https:\\\/\\\/kaez.fr\\\/#primaryimage\"},\"thumbnailUrl\":\"https:\\\/\\\/kaez.fr\\\/wp-content\\\/uploads\\\/2025\\\/06\\\/4-site-web-223x300.jpg\",\"datePublished\":\"2025-05-12T18:02:50+00:00\",\"dateModified\":\"2025-06-14T13:02:47+00:00\",\"breadcrumb\":{\"@id\":\"https:\\\/\\\/kaez.fr\\\/#breadcrumb\"},\"inLanguage\":\"fr-FR\",\"potentialAction\":[{\"@type\":\"ReadAction\",\"target\":[\"https:\\\/\\\/kaez.fr\\\/\"]}]},{\"@type\":\"ImageObject\",\"inLanguage\":\"fr-FR\",\"@id\":\"https:\\\/\\\/kaez.fr\\\/#primaryimage\",\"url\":\"https:\\\/\\\/kaez.fr\\\/wp-content\\\/uploads\\\/2025\\\/06\\\/4-site-web.jpg\",\"contentUrl\":\"https:\\\/\\\/kaez.fr\\\/wp-content\\\/uploads\\\/2025\\\/06\\\/4-site-web.jpg\",\"width\":880,\"height\":1184},{\"@type\":\"BreadcrumbList\",\"@id\":\"https:\\\/\\\/kaez.fr\\\/#breadcrumb\",\"itemListElement\":[{\"@type\":\"ListItem\",\"position\":1,\"name\":\"Accueil\",\"item\":\"https:\\\/\\\/kaez.fr\\\/\"},{\"@type\":\"ListItem\",\"position\":2,\"name\":\"Accueil\"}]},{\"@type\":\"WebSite\",\"@id\":\"https:\\\/\\\/kaez.fr\\\/#website\",\"url\":\"https:\\\/\\\/kaez.fr\\\/\",\"name\":\"kaez.fr\",\"description\":\"Mythologies num\u00e9riques. Visions fractales.\",\"potentialAction\":[{\"@type\":\"SearchAction\",\"target\":{\"@type\":\"EntryPoint\",\"urlTemplate\":\"https:\\\/\\\/kaez.fr\\\/?s={search_term_string}\"},\"query-input\":{\"@type\":\"PropertyValueSpecification\",\"valueRequired\":true,\"valueName\":\"search_term_string\"}}],\"inLanguage\":\"fr-FR\"}]}<\/script>\n<!-- \/ Yoast SEO plugin. -->","yoast_head_json":{"title":"Accueil - kaez.fr","robots":{"index":"index","follow":"follow","max-snippet":"max-snippet:-1","max-image-preview":"max-image-preview:large","max-video-preview":"max-video-preview:-1"},"canonical":"https:\/\/kaez.fr\/","og_locale":"fr_FR","og_type":"article","og_title":"Accueil - kaez.fr","og_description":"Poss\u00e9dez un fragment des Muses d\u2019\u00c9ther Offrez-vous une \u0153uvre originale de la collection les Muses d\u2019\u00c9ther, sign\u00e9e K\u00c6Z \u2014 en digigraphie certifi\u00e9e. Chaque tirage est une v\u00e9ritable incarnation mat\u00e9rielle d\u2019un... Read more &raquo;","og_url":"https:\/\/kaez.fr\/","og_site_name":"kaez.fr","article_modified_time":"2025-06-14T13:02:47+00:00","og_image":[{"width":880,"height":1184,"url":"https:\/\/kaez.fr\/wp-content\/uploads\/2025\/06\/4-site-web.jpg","type":"image\/jpeg"}],"twitter_card":"summary_large_image","twitter_misc":{"Dur\u00e9e de lecture estim\u00e9e":"1 minute"},"schema":{"@context":"https:\/\/schema.org","@graph":[{"@type":"WebPage","@id":"https:\/\/kaez.fr\/","url":"https:\/\/kaez.fr\/","name":"Accueil - kaez.fr","isPartOf":{"@id":"https:\/\/kaez.fr\/#website"},"primaryImageOfPage":{"@id":"https:\/\/kaez.fr\/#primaryimage"},"image":{"@id":"https:\/\/kaez.fr\/#primaryimage"},"thumbnailUrl":"https:\/\/kaez.fr\/wp-content\/uploads\/2025\/06\/4-site-web-223x300.jpg","datePublished":"2025-05-12T18:02:50+00:00","dateModified":"2025-06-14T13:02:47+00:00","breadcrumb":{"@id":"https:\/\/kaez.fr\/#breadcrumb"},"inLanguage":"fr-FR","potentialAction":[{"@type":"ReadAction","target":["https:\/\/kaez.fr\/"]}]},{"@type":"ImageObject","inLanguage":"fr-FR","@id":"https:\/\/kaez.fr\/#primaryimage","url":"https:\/\/kaez.fr\/wp-content\/uploads\/2025\/06\/4-site-web.jpg","contentUrl":"https:\/\/kaez.fr\/wp-content\/uploads\/2025\/06\/4-site-web.jpg","width":880,"height":1184},{"@type":"BreadcrumbList","@id":"https:\/\/kaez.fr\/#breadcrumb","itemListElement":[{"@type":"ListItem","position":1,"name":"Accueil","item":"https:\/\/kaez.fr\/"},{"@type":"ListItem","position":2,"name":"Accueil"}]},{"@type":"WebSite","@id":"https:\/\/kaez.fr\/#website","url":"https:\/\/kaez.fr\/","name":"kaez.fr","description":"Mythologies num\u00e9riques. Visions fractales.","potentialAction":[{"@type":"SearchAction","target":{"@type":"EntryPoint","urlTemplate":"https:\/\/kaez.fr\/?s={search_term_string}"},"query-input":{"@type":"PropertyValueSpecification","valueRequired":true,"valueName":"search_term_string"}}],"inLanguage":"fr-FR"}]}},"_links":{"self":[{"href":"https:\/\/kaez.fr\/index.php?rest_route=\/wp\/v2\/pages\/25","targetHints":{"allow":["GET"]}}],"collection":[{"href":"https:\/\/kaez.fr\/index.php?rest_route=\/wp\/v2\/pages"}],"about":[{"href":"https:\/\/kaez.fr\/index.php?rest_route=\/wp\/v2\/types\/page"}],"author":[{"embeddable":true,"href":"https:\/\/kaez.fr\/index.php?rest_route=\/wp\/v2\/users\/1"}],"replies":[{"embeddable":true,"href":"https:\/\/kaez.fr\/index.php?rest_route=%2Fwp%2Fv2%2Fcomments&post=25"}],"version-history":[{"count":16,"href":"https:\/\/kaez.fr\/index.php?rest_route=\/wp\/v2\/pages\/25\/revisions"}],"predecessor-version":[{"id":137,"href":"https:\/\/kaez.fr\/index.php?rest_route=\/wp\/v2\/pages\/25\/revisions\/137"}],"wp:attachment":[{"href":"https:\/\/kaez.fr\/index.php?rest_route=%2Fwp%2Fv2%2Fmedia&parent=25"}],"curies":[{"name":"wp","href":"https:\/\/api.w.org\/{rel}","templated":true}]}}